{"id":13,"date":"2025-11-12T10:52:54","date_gmt":"2025-11-12T09:52:54","guid":{"rendered":"https:\/\/dev.atelier-autonome.fr\/?page_id=13"},"modified":"2025-11-13T17:12:51","modified_gmt":"2025-11-13T16:12:51","slug":"a-propos","status":"publish","type":"page","link":"https:\/\/dev.atelier-autonome.fr\/?page_id=13","title":{"rendered":"A propos"},"content":{"rendered":"\n<div class=\"wp-block-cover alignfull\" style=\"margin-top:0;margin-bottom:0;padding-top:0px;padding-bottom:80px;min-height:300px;aspect-ratio:unset;\"><img loading=\"lazy\" decoding=\"async\" width=\"1024\" height=\"681\" class=\"wp-block-cover__image-background wp-image-97 size-large\" alt=\"\" src=\"https:\/\/dev.atelier-autonome.fr\/wp-content\/uploads\/2025\/11\/m-j-luzslHrFQ_A-unsplash-2-1024x681.jpg\" data-object-fit=\"cover\" srcset=\"https:\/\/dev.atelier-autonome.fr\/wp-content\/uploads\/2025\/11\/m-j-luzslHrFQ_A-unsplash-2-1024x681.jpg 1024w, https:\/\/dev.atelier-autonome.fr\/wp-content\/uploads\/2025\/11\/m-j-luzslHrFQ_A-unsplash-2-300x200.jpg 300w, https:\/\/dev.atelier-autonome.fr\/wp-content\/uploads\/2025\/11\/m-j-luzslHrFQ_A-unsplash-2-768x511.jpg 768w, https:\/\/dev.atelier-autonome.fr\/wp-content\/uploads\/2025\/11\/m-j-luzslHrFQ_A-unsplash-2-1536x1022.jpg 1536w, https:\/\/dev.atelier-autonome.fr\/wp-content\/uploads\/2025\/11\/m-j-luzslHrFQ_A-unsplash-2-2048x1363.jpg 2048w\" sizes=\"auto, (max-width: 1024px) 100vw, 1024px\" \/><span aria-hidden=\"true\" class=\"wp-block-cover__background has-background-dim-0 has-background-dim\" style=\"background-color:#e9ceb0\"><\/span><div class=\"wp-block-cover__inner-container has-global-padding is-layout-constrained wp-container-core-cover-is-layout-d4c6b484 wp-block-cover-is-layout-constrained\">\n<div style=\"height:150px\" aria-hidden=\"true\" class=\"wp-block-spacer\"><\/div>\n\n\n\n<h1 class=\"wp-block-heading has-text-align-center has-text-color has-link-color has-suranna-font-family wp-elements-4801488e3bf197232a4faa121b3ea0f1\" style=\"color:#ffffff;font-size:clamp(38.682px, 2.418rem + ((1vw - 3.2px) * 3.786), 72px);font-style:normal;font-weight:500\">A propos<\/h1>\n<\/div><\/div>\n\n\n\n<section class=\"wp-block-group alignfull has-global-padding is-layout-constrained wp-container-core-group-is-layout-608bbd49 wp-block-group-is-layout-constrained\" style=\"margin-top:0px;padding-top:6rem;padding-right:1rem;padding-bottom:5rem;padding-left:1rem;font-size:clamp(0.875rem, 0.875rem + ((1vw - 0.2rem) * 0.464), 1.13rem);font-style:normal;font-weight:400;line-height:1.4\">\n<div class=\"wp-block-columns is-layout-flex wp-container-core-columns-is-layout-03ad6a19 wp-block-columns-is-layout-flex\" style=\"margin-bottom:0px\">\n<div class=\"wp-block-column is-vertically-aligned-center is-layout-flow wp-block-column-is-layout-flow\" style=\"flex-basis:50%\">\n<figure class=\"wp-block-image alignleft size-full is-resized\"><img decoding=\"async\" src=\"https:\/\/tyler.com\/wp-content\/uploads\/2023\/11\/Surf-About-2nd-Sec-Image.jpeg\" alt=\"\" class=\"wp-image-2514\" style=\"aspect-ratio:1;object-fit:cover;width:459px;height:auto\"\/><\/figure>\n<\/div>\n\n\n\n<div class=\"wp-block-column is-vertically-aligned-center has-global-padding is-layout-constrained wp-container-core-column-is-layout-c4a7d96a wp-block-column-is-layout-constrained\" style=\"flex-basis:50%\">\n<h3 class=\"wp-block-heading has-text-align-left has-text-color has-suranna-font-family\" style=\"color:#000000;margin-top:0.5rem;margin-bottom:0rem;font-size:clamp(24.034px, 1.502rem + ((1vw - 3.2px) * 1.814), 40px);font-style:normal;font-weight:500;letter-spacing:0px;line-height:1.3\">Cr\u00e9er ensemble, cr\u00e9er une communaut\u00e9<\/h3>\n\n\n\n<p class=\"has-text-align-left has-text-color has-pontano-sans-font-family\" style=\"color:#000000;margin-top:20px;margin-bottom:20px;font-size:clamp(14px, 0.875rem + ((1vw - 3.2px) * 0.455), 18px);font-style:normal;font-weight:400;line-height:1.5\">\u00c0 l&rsquo;Atelier Autonome, nous croyons au pouvoir de la cr\u00e9ativit\u00e9 et de la collaboration. Nos portes sont ouvertes \u00e0 tous, vous invitant \u00e0 explorer, apprendre et cr\u00e9er. Que vous souhaitiez r\u00e9parer un objet, donner vie \u00e0 un projet ou simplement profiter d&rsquo;un atelier pratique, nous vous fournissons les outils, les machines et l&rsquo;espace dont vous avez besoin. Participez ! Les mercredis soirs et samedis, des sessions gratuites vous permettent de laisser libre cours \u00e0 votre imagination. Construisons une communaut\u00e9 dynamique, une cr\u00e9ation \u00e0 la fois ! Ensemble, nous pouvons faire de la magie.<\/p>\n\n\n\n<div class=\"wp-block-buttons is-horizontal is-content-justification-left is-layout-flex wp-container-core-buttons-is-layout-2c34cf1c wp-block-buttons-is-layout-flex\" style=\"margin-top:0.51rem\">\n<div class=\"wp-block-button has-custom-width wp-block-button__width-50 is-style-fill\"><a class=\"wp-block-button__link has-text-color has-background has-pontano-sans-font-family has-custom-font-size wp-element-button\" href=\"https:\/\/dev.atelier-autonome.fr\/?page_id=17\" style=\"border-style:none;border-width:0px;border-radius:0rem;color:#fffffd;background-color:#920202;padding-top:0.71rem;padding-right:0.31rem;padding-bottom:0.71rem;padding-left:0.31rem;font-size:clamp(0.875rem, 0.875rem + ((1vw - 0.2rem) * 0.245), 1.01rem);font-style:normal;font-weight:600;letter-spacing:1px;line-height:1.5;text-transform:uppercase\">CONTACTEZ-NOUS !<\/a><\/div>\n<\/div>\n<\/div>\n<\/div>\n<\/section>\n\n\n\n<div class=\"wp-block-cover alignfull\" style=\"padding-top:6rem;padding-bottom:6rem\"><span aria-hidden=\"true\" class=\"wp-block-cover__background has-background-dim-100 has-background-dim\" style=\"background-color:#920202\"><\/span><div class=\"wp-block-cover__inner-container has-global-padding is-layout-constrained wp-container-core-cover-is-layout-5cbdda46 wp-block-cover-is-layout-constrained\">\n<h2 class=\"wp-block-heading has-text-align-center has-text-color has-link-color has-suranna-font-family wp-elements-ce5e7f83b57752523d93767e10d66cb3\" style=\"color:#ffffff;font-size:clamp(24.034px, 1.502rem + ((1vw - 3.2px) * 1.814), 40px);font-style:normal;font-weight:500;letter-spacing:1px\">Notre parcours ensemble<\/h2>\n\n\n\n<p class=\"has-text-align-center has-text-color has-link-color wp-elements-0fd56b792de08ba4f7ce03a30397f941\" style=\"color:#ffffff;font-size:clamp(14px, 0.875rem + ((1vw - 3.2px) * 0.455), 18px);\">Atelier Autonome est n\u00e9 d&rsquo;une id\u00e9e simple : cr\u00e9er un espace o\u00f9 chacun se sent libre d&rsquo;explorer sa cr\u00e9ativit\u00e9. Notre aventure a commenc\u00e9 lorsqu&rsquo;un groupe de cr\u00e9ateurs et de r\u00eaveurs a pris conscience du plaisir de construire et de fabriquer ensemble. \u00c0 partir de cette \u00e9tincelle, nous avons transform\u00e9 un espace ordinaire en un lieu dynamique rempli d&rsquo;outils, de machines et d&rsquo;inspiration. Au fil du temps, nous sommes devenus une communaut\u00e9 qui c\u00e9l\u00e8bre la collaboration et l&rsquo;apprentissage. Chaque atelier, chaque session de r\u00e9paration et chaque projet cr\u00e9atif nous rapproche les uns des autres. Nous sommes fiers d&rsquo;\u00eatre un lieu o\u00f9 les id\u00e9es prennent vie et o\u00f9 des amiti\u00e9s se nouent. Rejoignez-nous pour continuer \u00e0 grandir, \u00e0 cr\u00e9er et \u00e0 nous inspirer mutuellement !<\/p>\n<\/div><\/div>\n\n\n\n<section class=\"wp-block-group alignfull has-global-padding is-layout-constrained wp-container-core-group-is-layout-8202059b wp-block-group-is-layout-constrained\" style=\"margin-top:0px;padding-top:6rem;padding-right:1rem;padding-bottom:6rem;padding-left:1rem;font-size:clamp(0.875rem, 0.875rem + ((1vw - 0.2rem) * 0.464), 1.13rem);font-style:normal;font-weight:400;line-height:1.4\">\n<div class=\"wp-block-columns is-layout-flex wp-container-core-columns-is-layout-03ad6a19 wp-block-columns-is-layout-flex\" style=\"margin-bottom:0px\">\n<div class=\"wp-block-column is-vertically-aligned-center has-global-padding is-layout-constrained wp-container-core-column-is-layout-c4a7d96a wp-block-column-is-layout-constrained\" style=\"flex-basis:50%\">\n<h3 class=\"wp-block-heading has-text-align-left has-text-color has-suranna-font-family\" style=\"color:#010101;margin-top:0.5rem;margin-bottom:0rem;font-size:clamp(24.034px, 1.502rem + ((1vw - 3.2px) * 1.814), 40px);font-style:normal;font-weight:500;letter-spacing:0px;line-height:1.3\">Lib\u00e9rez votre cr\u00e9ativit\u00e9<\/h3>\n\n\n\n<p class=\"has-text-align-left has-text-color has-pontano-sans-font-family\" style=\"color:#010101;margin-top:20px;margin-bottom:20px;font-size:clamp(14px, 0.875rem + ((1vw - 3.2px) * 0.455), 18px);font-style:normal;font-weight:400;line-height:1.5\">\u00c0 l&rsquo;Atelier Autonome, nous nous engageons \u00e0 donner \u00e0 chacun les moyens de lib\u00e9rer sa cr\u00e9ativit\u00e9. Nous croyons au partage des connaissances et des comp\u00e9tences, c&rsquo;est pourquoi nous proposons des ateliers adapt\u00e9s \u00e0 tous les niveaux, des d\u00e9butants aux cr\u00e9ateurs chevronn\u00e9s. Notre philosophie d&rsquo;acc\u00e8s libre garantit que tout le monde peut venir, apprendre et cr\u00e9er, quels que soient son exp\u00e9rience ou son parcours. Nous accordons une grande importance \u00e0 la collaboration et au soutien, et encourageons les membres de la communaut\u00e9 \u00e0 \u00e9changer et \u00e0 partager leurs id\u00e9es. En mettant \u00e0 votre disposition les outils adapt\u00e9s et un espace accueillant, nous vous aidons \u00e0 concr\u00e9tiser vos projets. Cr\u00e9ons ensemble quelque chose d&rsquo;extraordinaire !<\/p>\n\n\n\n<div class=\"wp-block-buttons is-horizontal is-content-justification-left is-layout-flex wp-container-core-buttons-is-layout-2c34cf1c wp-block-buttons-is-layout-flex\" style=\"margin-top:0.51rem\">\n<div class=\"wp-block-button has-custom-width wp-block-button__width-50 is-style-fill\"><a class=\"wp-block-button__link has-text-color has-background has-pontano-sans-font-family has-custom-font-size wp-element-button\" href=\"https:\/\/dev.atelier-autonome.fr\/?page_id=15\" style=\"border-style:none;border-width:0px;border-radius:0rem;color:#fffffd;background-color:#920202;padding-top:0.71rem;padding-right:0.31rem;padding-bottom:0.71rem;padding-left:0.31rem;font-size:clamp(0.875rem, 0.875rem + ((1vw - 0.2rem) * 0.245), 1.01rem);font-style:normal;font-weight:600;letter-spacing:1px;line-height:1.5;text-transform:uppercase\">NOS UNIVERS<\/a><\/div>\n<\/div>\n<\/div>\n\n\n\n<div class=\"wp-block-column is-vertically-aligned-center is-layout-flow wp-block-column-is-layout-flow\" style=\"flex-basis:50%\">\n<figure class=\"wp-block-image alignright size-full is-resized has-custom-border\"><img decoding=\"async\" src=\"https:\/\/tyler.com\/wp-content\/uploads\/2023\/11\/Surf-About-3rd-Sec-Image.jpeg\" alt=\"\" class=\"has-border-color has-tertiary-border-color wp-image-2515\" style=\"border-width:1px;aspect-ratio:1;object-fit:cover;width:459px;height:auto\"\/><\/figure>\n<\/div>\n<\/div>\n<\/section>\n\n\n\n<section class=\"wp-block-cover alignfull\" style=\"margin-top:0px;padding-top:1.01rem;padding-bottom:1.01rem;min-height:430px;aspect-ratio:unset;\"><img loading=\"lazy\" decoding=\"async\" width=\"1024\" height=\"681\" class=\"wp-block-cover__image-background wp-image-98 size-large\" alt=\"\" src=\"https:\/\/dev.atelier-autonome.fr\/wp-content\/uploads\/2025\/11\/m-j-luzslHrFQ_A-unsplash-3-1024x681.jpg\" data-object-fit=\"cover\" srcset=\"https:\/\/dev.atelier-autonome.fr\/wp-content\/uploads\/2025\/11\/m-j-luzslHrFQ_A-unsplash-3-1024x681.jpg 1024w, https:\/\/dev.atelier-autonome.fr\/wp-content\/uploads\/2025\/11\/m-j-luzslHrFQ_A-unsplash-3-300x200.jpg 300w, https:\/\/dev.atelier-autonome.fr\/wp-content\/uploads\/2025\/11\/m-j-luzslHrFQ_A-unsplash-3-768x511.jpg 768w, https:\/\/dev.atelier-autonome.fr\/wp-content\/uploads\/2025\/11\/m-j-luzslHrFQ_A-unsplash-3-1536x1022.jpg 1536w, https:\/\/dev.atelier-autonome.fr\/wp-content\/uploads\/2025\/11\/m-j-luzslHrFQ_A-unsplash-3-2048x1363.jpg 2048w\" sizes=\"auto, (max-width: 1024px) 100vw, 1024px\" \/><span aria-hidden=\"true\" class=\"wp-block-cover__background has-background-dim-0 has-background-dim\" style=\"background-color:#edf1f2\"><\/span><div class=\"wp-block-cover__inner-container has-global-padding is-layout-constrained wp-container-core-cover-is-layout-b1bebcb3 wp-block-cover-is-layout-constrained\">\n<div class=\"wp-block-group has-text-color is-layout-flow wp-block-group-is-layout-flow\" style=\"color:#fffffd;margin-top:0px;padding-top:0rem;padding-right:1rem;padding-bottom:0rem;padding-left:1rem;font-size:clamp(0.875rem, 0.875rem + ((1vw - 0.2rem) * 0.464), 1.13rem);font-style:normal;font-weight:400;line-height:1.4\">\n<div class=\"wp-block-group has-global-padding is-layout-constrained wp-container-core-group-is-layout-bdbfdc43 wp-block-group-is-layout-constrained\">\n<p class=\"has-text-align-center has-text-color\" style=\"color:#fffffd;margin-bottom:0rem;font-size:clamp(1.507rem, 1.507rem + ((1vw - 0.2rem) * 1.824), 2.51rem);font-style:normal;font-weight:400;line-height:1.2\">L&rsquo;Atelier Autonome transforme les r\u00eaves en r\u00e9alit\u00e9, en encourageant la cr\u00e9ativit\u00e9 au sein d&rsquo;une communaut\u00e9 accueillante.<\/p>\n<\/div>\n\n\n\n<div class=\"wp-block-group is-vertical is-content-justification-stretch is-layout-flex wp-container-core-group-is-layout-bfdebe91 wp-block-group-is-layout-flex\" style=\"margin-top:1.81rem;padding-right:0px;padding-left:0px\">\n<div class=\"wp-block-group has-global-padding is-content-justification-center is-layout-constrained wp-container-core-group-is-layout-2f0bcb29 wp-block-group-is-layout-constrained\" style=\"margin-top:0px\">\n<div class=\"wp-block-buttons is-horizontal is-content-justification-right is-layout-flex wp-container-core-buttons-is-layout-099266fd wp-block-buttons-is-layout-flex\" style=\"margin-top:0.51rem\">\n<div class=\"wp-block-button has-custom-width wp-block-button__width-100 is-style-fill\"><a class=\"wp-block-button__link has-text-color has-background has-custom-font-size wp-element-button\" href=\"https:\/\/dev.atelier-autonome.fr\/?page_id=17\" style=\"border-style:none;border-width:0px;border-radius:0rem;color:#fffffd;background-color:#920202;padding-top:0.71rem;padding-right:0.31rem;padding-bottom:0.71rem;padding-left:0.31rem;font-size:clamp(0.875rem, 0.875rem + ((1vw - 0.2rem) * 0.245), 1.01rem);font-style:normal;font-weight:600;line-height:1.5;text-transform:uppercase\">CONTACTEZ-NOUS<\/a><\/div>\n<\/div>\n<\/div>\n<\/div>\n<\/div>\n<\/div><\/section>\n\n\n\n<p><\/p>\n","protected":false},"excerpt":{"rendered":"<p>Cr\u00e9er ensemble, cr\u00e9er une communaut\u00e9 \u00c0 l&rsquo;Atelier Autonome, nous croyons au pouvoir de la cr\u00e9ativit\u00e9 et de la collaboration. Nos portes sont ouvertes \u00e0 tous, vous invitant \u00e0 explorer, apprendre et cr\u00e9er. Que vous souhaitiez r\u00e9parer un objet, donner vie \u00e0 un projet ou simplement profiter d&rsquo;un atelier pratique, nous vous fournissons les outils, les [&hellip;]<\/p>\n","protected":false},"author":2,"featured_media":0,"parent":0,"menu_order":0,"comment_status":"closed","ping_status":"closed","template":"","meta":{"footnotes":""},"class_list":["post-13","page","type-page","status-publish","hentry"],"_links":{"self":[{"href":"https:\/\/dev.atelier-autonome.fr\/index.php?rest_route=\/wp\/v2\/pages\/13","targetHints":{"allow":["GET"]}}],"collection":[{"href":"https:\/\/dev.atelier-autonome.fr\/index.php?rest_route=\/wp\/v2\/pages"}],"about":[{"href":"https:\/\/dev.atelier-autonome.fr\/index.php?rest_route=\/wp\/v2\/types\/page"}],"author":[{"embeddable":true,"href":"https:\/\/dev.atelier-autonome.fr\/index.php?rest_route=\/wp\/v2\/users\/2"}],"replies":[{"embeddable":true,"href":"https:\/\/dev.atelier-autonome.fr\/index.php?rest_route=%2Fwp%2Fv2%2Fcomments&post=13"}],"version-history":[{"count":12,"href":"https:\/\/dev.atelier-autonome.fr\/index.php?rest_route=\/wp\/v2\/pages\/13\/revisions"}],"predecessor-version":[{"id":174,"href":"https:\/\/dev.atelier-autonome.fr\/index.php?rest_route=\/wp\/v2\/pages\/13\/revisions\/174"}],"wp:attachment":[{"href":"https:\/\/dev.atelier-autonome.fr\/index.php?rest_route=%2Fwp%2Fv2%2Fmedia&parent=13"}],"curies":[{"name":"wp","href":"https:\/\/api.w.org\/{rel}","templated":true}]}}